{"id":209,"date":"2024-10-26T22:25:06","date_gmt":"2024-10-26T20:25:06","guid":{"rendered":"https:\/\/www.levannah-lichtwege.de\/?page_id=209"},"modified":"2024-10-26T22:25:06","modified_gmt":"2024-10-26T20:25:06","slug":"startseite","status":"publish","type":"page","link":"https:\/\/www.levannah-lichtwege.de\/","title":{"rendered":"Startseite"},"content":{"rendered":"<p>Willkommen auf meiner Webseite f\u00fcr psychologische Dienstleistungen, Gesundheitscoaching sowie spirituelle und esoterische Entwicklung!<\/p>\n<p>Entdecke eine Welt der Selbstentdeckung, Reflexion und umfassenden Gesundheit. Ich lade dich ein, mit mir eine Reise zu beginnen, die K\u00f6rper, Geist und Seele harmonisiert. Erkunde meine vielf\u00e4ltigen Angebote und lass dich dazu inspirieren, deine pers\u00f6nliche Entwicklung voranzutreiben und deine Lebensqualit\u00e4t zu verbessern. Ich bin hier, um dich auf deinem Pfad zu unterst\u00fctzen und dir auf verschiedenen Ebenen Hilfe zu leisten.<\/p>\n<p>Willkommen in einer Welt der M\u00f6glichkeiten f\u00fcr dein Wohlergehen und deine spirituelle Entfaltung!<\/p>\n<p>&nbsp;<\/p>\n<p style=\"text-align: center;\">Menschen treten in unser Leben<\/p>\n<p style=\"text-align: center;\">und begleiten uns eine Weile.<\/p>\n<p style=\"text-align: center;\">Doch einige bleiben f\u00fcr immer,<\/p>\n<p style=\"text-align: center;\">denn sie hinterlassen Spuren<\/p>\n<p style=\"text-align: center;\">in unseren Herzen.<\/p>\n<p>&nbsp;<\/p>\n<p style=\"text-align: center;\">\n","protected":false},"excerpt":{"rendered":"<p>Willkommen auf meiner Webseite f\u00fcr psychologische Dienstleistungen, Gesundheitscoaching sowie spirituelle und esoterische Entwicklung! Entdecke eine Welt der Selbstentdeckung, Reflexion und umfassenden Gesundheit. Ich lade dich ein, mit mir eine Reise zu beginnen, die K\u00f6rper, Geist und Seele harmonisiert. Erkunde meine &hellip; <a href=\"https:\/\/www.levannah-lichtwege.de\/\">Weiterlesen <span class=\"meta-nav\">&rarr;<\/span><\/a><\/p>\n","protected":false},"author":1,"featured_media":0,"parent":0,"menu_order":0,"comment_status":"closed","ping_status":"closed","template":"","meta":{"footnotes":""},"class_list":["post-209","page","type-page","status-publish","hentry"],"_links":{"self":[{"href":"https:\/\/www.levannah-lichtwege.de\/index.php?rest_route=\/wp\/v2\/pages\/209","targetHints":{"allow":["GET"]}}],"collection":[{"href":"https:\/\/www.levannah-lichtwege.de\/index.php?rest_route=\/wp\/v2\/pages"}],"about":[{"href":"https:\/\/www.levannah-lichtwege.de\/index.php?rest_route=\/wp\/v2\/types\/page"}],"author":[{"embeddable":true,"href":"https:\/\/www.levannah-lichtwege.de\/index.php?rest_route=\/wp\/v2\/users\/1"}],"replies":[{"embeddable":true,"href":"https:\/\/www.levannah-lichtwege.de\/index.php?rest_route=%2Fwp%2Fv2%2Fcomments&post=209"}],"version-history":[{"count":3,"href":"https:\/\/www.levannah-lichtwege.de\/index.php?rest_route=\/wp\/v2\/pages\/209\/revisions"}],"predecessor-version":[{"id":213,"href":"https:\/\/www.levannah-lichtwege.de\/index.php?rest_route=\/wp\/v2\/pages\/209\/revisions\/213"}],"wp:attachment":[{"href":"https:\/\/www.levannah-lichtwege.de\/index.php?rest_route=%2Fwp%2Fv2%2Fmedia&parent=209"}],"curies":[{"name":"wp","href":"https:\/\/api.w.org\/{rel}","templated":true}]}}